{"id":1379,"date":"2024-04-03T11:48:53","date_gmt":"2024-04-03T11:48:53","guid":{"rendered":"https:\/\/kontekst.edu.pl\/?post_type=product&#038;p=1379"},"modified":"2025-02-27T16:48:11","modified_gmt":"2025-02-27T16:48:11","slug":"angielski-osmoklasista","status":"publish","type":"product","link":"https:\/\/kontekst.edu.pl\/index.php\/produkt\/angielski-osmoklasista\/","title":{"rendered":"Angielski &#8211; Egzamin \u00d3smoklasisty"},"content":{"rendered":"<p>Kursy E8 (kurs roczny dla 8 klasy lub kurs dwuletni od 7 do 8 klasy)<\/p>\n<li>zaj\u0119cia raz w tygodniu po 90 minut<\/li>\n<li>dost\u0119p do dodatkowych materia\u0142\u00f3w dla kursanta<\/li>\n<li>bie\u017c\u0105cy kontakt z lektorem, mo\u017cliwo\u015b\u0107 konsultacji i monitorowania wynik\u00f3w pr\u00f3bnych egzamin\u00f3w<\/li>\n<li>zadania domowe oparte na tych egzaminacyjnych<\/li>\n<li>regularnie organizowane egzaminy pr\u00f3bne w dodatkowych terminach<\/li>\n<ul>&#8211; pakiet obejmuj\u0105cy repetytorium zawieraj\u0105ce nie tylko zadania ale i wskaz\u00f3wki i dodatkowe arkusze<\/ul>\n<ul>&#8211; mo\u017cliwo\u015b\u0107 wzi\u0119cia udzia\u0142u w konkursach organizowanych przez ca\u0142y rok szkolny<\/ul>\n","protected":false},"excerpt":{"rendered":"<p>Semestr \u2013 990 z\u0142 &#8211; 15 spotka\u0144 (1x w tygodniu po 90 min., tj. 30 godzin lekcyjnych)<br \/>\ngrupa od 4 os\u00f3b<\/p>\n","protected":false},"featured_media":1208,"template":"","meta":{"_monsterinsights_skip_tracking":false,"_monsterinsights_sitenote_active":false,"_monsterinsights_sitenote_note":"","_monsterinsights_sitenote_category":0,"site-sidebar-layout":"default","site-content-layout":"","ast-site-content-layout":"default","site-content-style":"default","site-sidebar-style":"default","ast-global-header-display":"","ast-banner-title-visibility":"","ast-main-header-display":"","ast-hfb-above-header-display":"","ast-hfb-below-header-display":"","ast-hfb-mobile-header-display":"","site-post-title":"","ast-breadcrumbs-content":"","ast-featured-img":"","footer-sml-layout":"","theme-transparent-header-meta":"default","adv-header-id-meta":"","stick-header-meta":"","header-above-stick-meta":"","header-main-stick-meta":"","header-below-stick-meta":"","astra-migrate-meta-layouts":"set","ast-page-background-enabled":"default","ast-page-background-meta":{"desktop":{"background-color":"","background-image":"","background-repeat":"repeat","background-position":"center center","background-size":"auto","background-attachment":"scroll","background-type":"","background-media":"","overlay-type":"","overlay-color":"","overlay-gradient":""},"tablet":{"background-color":"","background-image":"","background-repeat":"repeat","background-position":"center center","background-size":"auto","background-attachment":"scroll","background-type":"","background-media":"","overlay-type":"","overlay-color":"","overlay-gradient":""},"mobile":{"background-color":"","background-image":"","background-repeat":"repeat","background-position":"center center","background-size":"auto","background-attachment":"scroll","background-type":"","background-media":"","overlay-type":"","overlay-color":"","overlay-gradient":""}},"ast-content-background-meta":{"desktop":{"background-color":"var(--ast-global-color-5)","background-image":"","background-repeat":"repeat","background-position":"center center","background-size":"auto","background-attachment":"scroll","background-type":"","background-media":"","overlay-type":"","overlay-color":"","overlay-gradient":""},"tablet":{"background-color":"var(--ast-global-color-5)","background-image":"","background-repeat":"repeat","background-position":"center center","background-size":"auto","background-attachment":"scroll","background-type":"","background-media":"","overlay-type":"","overlay-color":"","overlay-gradient":""},"mobile":{"background-color":"var(--ast-global-color-5)","background-image":"","background-repeat":"repeat","background-position":"center center","background-size":"auto","background-attachment":"scroll","background-type":"","background-media":"","overlay-type":"","overlay-color":"","overlay-gradient":""}},"_themeisle_gutenberg_block_has_review":false},"product_cat":[31,30],"product_tag":[],"class_list":{"0":"post-1379","1":"product","2":"type-product","3":"status-publish","4":"has-post-thumbnail","6":"product_cat-angielski","7":"product_cat-kursy","8":"desktop-align-left","9":"tablet-align-left","10":"mobile-align-left","12":"first","13":"instock","14":"shipping-taxable","15":"product-type-variable","16":"has-default-attributes"},"_links":{"self":[{"href":"https:\/\/kontekst.edu.pl\/index.php\/wp-json\/wp\/v2\/product\/1379","targetHints":{"allow":["GET"]}}],"collection":[{"href":"https:\/\/kontekst.edu.pl\/index.php\/wp-json\/wp\/v2\/product"}],"about":[{"href":"https:\/\/kontekst.edu.pl\/index.php\/wp-json\/wp\/v2\/types\/product"}],"wp:featuredmedia":[{"embeddable":true,"href":"https:\/\/kontekst.edu.pl\/index.php\/wp-json\/wp\/v2\/media\/1208"}],"wp:attachment":[{"href":"https:\/\/kontekst.edu.pl\/index.php\/wp-json\/wp\/v2\/media?parent=1379"}],"wp:term":[{"taxonomy":"product_cat","embeddable":true,"href":"https:\/\/kontekst.edu.pl\/index.php\/wp-json\/wp\/v2\/product_cat?post=1379"},{"taxonomy":"product_tag","embeddable":true,"href":"https:\/\/kontekst.edu.pl\/index.php\/wp-json\/wp\/v2\/product_tag?post=1379"}],"curies":[{"name":"wp","href":"https:\/\/api.w.org\/{rel}","templated":true}]}}